{"id":1251,"date":"2021-05-13T13:03:54","date_gmt":"2021-05-13T12:03:54","guid":{"rendered":"https:\/\/thisishello.it\/uk\/?page_id=218"},"modified":"2024-11-28T15:06:27","modified_gmt":"2024-11-28T15:06:27","slug":"vacancy","status":"publish","type":"page","link":"https:\/\/thisishello.com\/pt\/vagas\/vacancy\/","title":{"rendered":"Vacancy"},"content":{"rendered":"\n<article class=\"m29 \" style=\"background-image:url('https:\/\/thisishello.com\/pt\/wp-content\/uploads\/sites\/6\/2022\/12\/header.jpg');\">\n\t<img decoding=\"async\" class=\"m29_bacground_image\" src=\"https:\/\/thisishello.com\/pt\/wp-content\/uploads\/sites\/6\/2022\/12\/header.jpg\">\n\t<div class=\"container m29__container \">\n\t\t<div class=\"row list_content\">\n\t\t\t<div class=\"col-md-7 left_content\">\n\t\t\t\t<div class=\"m29_width_container\">\n\t\t\t\t\t<div class=\"heading_animation\">\n\t\t\t\t\t\t\t\t\t\t\t\t\t<h1 class=\"m29__heading uppercase heading--1 \">Job Title<span class=\"comma\">,<\/span>\n\t\t\t\t\t\t\t\t<span class=\"outer\" aria-hidden=\"true\">\n\t\t                    <span class=\"inner\">Job Title<span class=\"comma\">,<\/span><\/span>\n\t\t                    <\/span>\n\t\t\t\t\t\t\t<\/h1>\n\t\t\t\t\t\n\t\t\t\t\t\t\t\t\t\t\t<\/div>\t\n\t\t\t\t<!-- <span class=\"m29__terms heading--6\">\n\t\t\t\t\t\t\t\t\t\t\t<span class=\"m29__term\">Location<\/span>\n\t\t\t\t\t\t\t\t\t\t\t\t\t\t\t\t<span class=\"m29__term\">Department<\/span>\n\t\t\t\t\t\t\t\t\t<\/span> -->\n\t\t     \t\t\t\t\t\t\t\t<div class=\"m19__description\">\n\t\t\t\t\t\t\t\n\t\t\t\t\t\t\tJob Description\t\t\t\t\t\t<\/div>\n\t\t\t\t\t\t\t\t\t\t<div class=\"btn_vacancy\">\n\t\t\t\t\t\t\t\t\t\t\t<\/div>\n\t\t\t\t<\/div>\n\t\t\t<\/div>\n\t\t\t<div class=\"col-md-5 right_content\">\n\t\t\t\t<div class=\" image_animation\">\n\t\t\t\t\t<img  width=\"350\" height=\"350\" src=\t\t\t<\/div>\n\t\t<\/div>\n\t\t<\/div>\n\t<\/div>\n<\/article>\n\n\n\n<article class=\"m19\">\n\t<div class=\"m19__container list_content bg_white\">\n\n\t\t\t\t\t<div class=\"m19__description\">\n\t\t\t\t<!-- <h2 class=\"m19__header uppercase\">The role<\/h2> -->\n\t\t\t\t<p>Job Description<\/p>\n\t\t\t<\/div>\n\t\t\t\t<div class=\"m19_vacancy_btn list_content\">\n\t\t<div class=\"btn_vacancy\">\n\t\t\t\t\t\t\t\t\t\t\t<\/div>\n\t\t\t\t<\/div>\n\n\t<\/div>\n<\/article>\n\n\n\r\n<div id=\"hello_single-vacancies-block_62ea2edf213ae\" class=\"hello_single-vacancies radial-gradient  hello_single-vacancies wp-block-acf-single-vacancies\" >\r\n   <div class=\" row block_62ea2edf213ae\" >\r\n        <div class=\"single-vacancies_content \">\r\n            <div class=\"row list_content related_post_content align-items-center\">\r\n                <div class=\"col-md-6\">\r\n                    <div class=\"heading_animation\">\r\n                        <h2> Outras posi\u00e7\u00f5es<span class=\"comma\">,<\/span>\r\n                         <span class=\"outer\" aria-hidden=\"true\">\r\n                        <span class=\"inner\"> Outras posi\u00e7\u00f5es<span class=\"comma\">,<\/span><\/span>\r\n                        <\/span>\r\n                        <\/h2>\r\n                    <\/div>\r\n                <\/div>\r\n                <div class=\"col-md-6 btn_related_post desktop\">\r\n                        <a class=\"btn_hello\" href=\"\"  target=\"\"> <\/a>\r\n                <\/div> \r\n            <\/div>\r\n           \r\n          \r\n \r\n<article class=\"m18 \" id=\"vacancies\">\r\n    <div class=\"container m18__container\">\r\n\r\n        \r\n\r\n        \r\n        \r\n        \t\t\t<div class=\"no_current_vacancies m18__introduction\">\r\n            There are no current vacancies available in . If you&#039;d like to get in touch, please use the form below.        <\/div>\r\n <div class=\"col-md-6 btn_related_post mobile\">\r\n                        <a class=\"btn_hello\" href=\"\"  target=\"\"> <\/a>\r\n                <\/div> \r\n    <\/div>\r\n    <!-- <script type=\"text\/javascript\">\r\n        \r\n        jQuery(document).ready( function($) {\r\n            $('.m18__vacancies').slick({\r\n              slidesToShow: 4,\r\n              slidesToScroll: 3,\r\n              dots: false,\r\n              arrows: false,\r\n              responsive: [\r\n    {\r\n      breakpoint: 1024,\r\n      settings: {\r\n        slidesToShow: 3,\r\n        slidesToScroll: 3,\r\n        infinite: true,\r\n        dots: true\r\n      }\r\n    },\r\n    {\r\n      breakpoint: 600,\r\n      settings: {\r\n        slidesToShow: 2,\r\n        slidesToScroll: 2\r\n      }\r\n    },\r\n    {\r\n      breakpoint: 480,\r\n      settings: {\r\n        \r\n        slidesToShow: 1,\r\n        slidesToScroll: 1\r\n      }\r\n    }\r\n    \/\/ You can unslick at a given breakpoint now by adding:\r\n    \/\/ settings: \"unslick\"\r\n    \/\/ instead of a settings object\r\n  ]\r\n\r\n            });\r\n        });\r\n    <\/script> -->\r\n<\/article>\r\n\r\n                       \r\n\r\n    <\/div><!-- .block -->\r\n    \r\n<\/div><!-- .blocks -->  \r\n<style>\r\n    h3.single-vacancy-item__heading.heading--4.uppercase,\r\n    h3.single-vacancy-item__heading.uppercase.single-takeout-item__heading {\r\n        bottom: 35%;\r\n        line-height: 125%;\r\n    }\r\n    .m18 .single-vacancy-item:nth-child(odd) .single-vacancy-item__description .read-more,\r\n    .m18 .single-vacancy-item:nth-child(even) .single-vacancy-item__description .read-more {\r\n        bottom: 25%;\r\n    }\r\n    @media (max-width: 768px) {\r\n        .current-job_content .m18__vacancies .single-vacancy-item:nth-child(odd),\r\n        .hello_single-vacancies .m18__vacancies .single-vacancy-item:nth-child(odd),\r\n        .current-job_content .m18__vacancies .single-vacancy-item:nth-child(even),\r\n        .hello_single-vacancies .m18__vacancies .single-vacancy-item:nth-child(even) {\r\n            width: 50% !important;\r\n            margin-top: 0 !important;\r\n        }\r\n        .current-job_content .single-vacancy-item__content.list_content .image_animation:before,\r\n        .hello_current-job .list_content:hover .image_animation:before {\r\n            top: 8px;\r\n            left: 8px;\r\n            bottom: -17px;\r\n        }\r\n        .hello_current-job h3.single-vacancy-item__heading.heading--4.uppercase,\r\n        .hello_current-job h3.single-vacancy-item__heading.uppercase.single-takeout-item__heading {\r\n            bottom: 28%;\r\n            font-size: 28px;\r\n        }\r\n        .m18 .single-vacancy-item__description {\r\n            display: block;\r\n            margin: -28px 0 0 0 !important;\r\n        }\r\n        .m18 .single-vacancy-item:nth-child(odd) .single-vacancy-item__description .read-more,\r\n        .m18 .single-vacancy-item:nth-child(even) .single-vacancy-item__description .read-more {\r\n            display: block !important;\r\n            bottom: 10%;\r\n        }\r\n    }\r\n    @media (max-width: 425px) {\r\n        .current-job_content .m18__vacancies .single-vacancy-item:nth-child(odd),\r\n        .hello_single-vacancies .m18__vacancies .single-vacancy-item:nth-child(odd),\r\n        .current-job_content .m18__vacancies .single-vacancy-item:nth-child(even),\r\n        .hello_single-vacancies .m18__vacancies .single-vacancy-item:nth-child(even) {\r\n            width: 70% !important;\r\n            margin-top: 0 !important;\r\n        }\r\n        .current-job_content .single-vacancy-item__content.list_content .image_animation:before,\r\n        .hello_current-job .list_content:hover .image_animation:before {\r\n            top: 8px;\r\n            left: 8px;\r\n            bottom: -17px;\r\n        }\r\n        .hello_current-job h3.single-vacancy-item__heading.heading--4.uppercase,\r\n        .hello_current-job h3.single-vacancy-item__heading.uppercase.single-takeout-item__heading {\r\n            bottom: 28%;\r\n            font-size: 16px;\r\n        }\r\n        .m18 .single-vacancy-item__description {\r\n            display: block;\r\n            margin: -28px 0 0 0 !important;\r\n        }\r\n        .m18 .single-vacancy-item:nth-child(odd) .single-vacancy-item__description .read-more,\r\n        .m18 .single-vacancy-item:nth-child(even) .single-vacancy-item__description .read-more {\r\n            display: block !important;\r\n            bottom: 5px;\r\n        }\r\n    }\r\n<\/style>\n\n\r\n<div id=\"hello_contact-block_62e7af40ca414\" class=\" hello_contact wp-block-acf-contact radial-white\" >\r\n   <div class=\" row block_contact align-items-centerblock_62e7af40ca414\" >\r\n       <div class=\" list_content\">\r\n       \r\n\r\n              \r\n              <div class=\"col-md-12 contact_content\" >\r\n              \r\n               <div class=\"heading_animation\">\r\n                                                <h2 class=\"contact_title\"> Candidatura espont\u00e2nea<span class=\"comma\">,<\/span> \r\n                                                <span class=\"outer\" aria-hidden=\"true\">\r\n                                                    <span class=\"inner\">Candidatura espont\u00e2nea<span class=\"comma\">,<\/span><\/span>\r\n                                                <\/span>\r\n                                              \r\n                                                <\/h2>\r\n                                            <\/div>\r\n              <div class=\"contact_p\"><p>N\u00e3o consegue encontrar a vaga certa para si, mas ainda assim quer dar-se a conhecer?<\/p>\n<\/div>     \r\n                          <div class=\"btn_vacancy\">\r\n                    <a class=\"btn_hello\" href=\"\/pt\/contacto\/\"  target=\"\">Carregue aqui o seu curr\u00edculo <\/a>\r\n                 <\/div> \r\n              \r\n            <\/div>\r\n            \r\n            \r\n            \r\n \r\n      \r\n      <\/div> \r\n      \r\n    <\/div><!-- .block -->\r\n   \r\n<\/div><!-- .blocks -->  \r\n ","protected":false},"excerpt":{"rendered":"","protected":false},"author":1007,"featured_media":8744,"parent":6784,"menu_order":0,"comment_status":"closed","ping_status":"closed","template":"","meta":{"inline_featured_image":false,"_author_name_metafield":"","_author_role_metafield":"","footnotes":""},"class_list":["post-1251","page","type-page","status-publish","has-post-thumbnail","hentry"],"yoast_head":"<!-- This site is optimized with the Yoast SEO plugin v27.5 - https:\/\/yoast.com\/product\/yoast-seo-wordpress\/ -->\n<title>Vacancy - Hello PT<\/title>\n<meta name=\"description\" content=\"Se se identifica com quem somos e est\u00e1 \u00e0 procura de uma nova oportunidade, aqui encontrar\u00e1 todas as nossas vagas em aberto.\" \/>\n<meta name=\"robots\" content=\"index, follow, max-snippet:-1, max-image-preview:large, max-video-preview:-1\" \/>\n<link rel=\"canonical\" href=\"https:\/\/thisishello.com\/pt\/vagas\/vacancy\/\" \/>\n<meta property=\"og:locale\" content=\"pt_PT\" \/>\n<meta property=\"og:type\" content=\"article\" \/>\n<meta property=\"og:title\" content=\"Vacancy - Hello PT\" \/>\n<meta property=\"og:description\" content=\"Se se identifica com quem somos e est\u00e1 \u00e0 procura de uma nova oportunidade, aqui encontrar\u00e1 todas as nossas vagas em aberto.\" \/>\n<meta property=\"og:url\" content=\"https:\/\/thisishello.com\/pt\/vagas\/vacancy\/\" \/>\n<meta property=\"og:site_name\" content=\"Hello PT\" \/>\n<meta property=\"article:publisher\" content=\"https:\/\/www.facebook.com\/thisishelloit\" \/>\n<meta property=\"article:modified_time\" content=\"2024-11-28T15:06:27+00:00\" \/>\n<meta property=\"og:image\" content=\"https:\/\/thisishello.com\/pt\/wp-content\/uploads\/sites\/6\/2022\/12\/header.jpg\" \/>\n\t<meta property=\"og:image:width\" content=\"1920\" \/>\n\t<meta property=\"og:image:height\" content=\"900\" \/>\n\t<meta property=\"og:image:type\" content=\"image\/jpeg\" \/>\n<meta name=\"twitter:card\" content=\"summary_large_image\" \/>\n<meta name=\"twitter:title\" content=\"Vacancy - Hello PT\" \/>\n<script type=\"application\/ld+json\" class=\"yoast-schema-graph\">{\"@context\":\"https:\\\/\\\/schema.org\",\"@graph\":[{\"@type\":\"WebPage\",\"@id\":\"https:\\\/\\\/thisishello.com\\\/pt\\\/vagas\\\/vacancy\\\/\",\"url\":\"https:\\\/\\\/thisishello.com\\\/pt\\\/vagas\\\/vacancy\\\/\",\"name\":\"Vacancy - Hello PT\",\"isPartOf\":{\"@id\":\"https:\\\/\\\/thisishello.com\\\/pt\\\/#website\"},\"primaryImageOfPage\":{\"@id\":\"https:\\\/\\\/thisishello.com\\\/pt\\\/vagas\\\/vacancy\\\/#primaryimage\"},\"image\":{\"@id\":\"https:\\\/\\\/thisishello.com\\\/pt\\\/vagas\\\/vacancy\\\/#primaryimage\"},\"thumbnailUrl\":\"https:\\\/\\\/thisishello.com\\\/pt\\\/wp-content\\\/uploads\\\/sites\\\/6\\\/2022\\\/12\\\/header.jpg\",\"datePublished\":\"2021-05-13T12:03:54+00:00\",\"dateModified\":\"2024-11-28T15:06:27+00:00\",\"description\":\"Se se identifica com quem somos e est\u00e1 \u00e0 procura de uma nova oportunidade, aqui encontrar\u00e1 todas as nossas vagas em aberto.\",\"breadcrumb\":{\"@id\":\"https:\\\/\\\/thisishello.com\\\/pt\\\/vagas\\\/vacancy\\\/#breadcrumb\"},\"inLanguage\":\"pt-PT\",\"potentialAction\":[{\"@type\":\"ReadAction\",\"target\":[\"https:\\\/\\\/thisishello.com\\\/pt\\\/vagas\\\/vacancy\\\/\"]}]},{\"@type\":\"ImageObject\",\"inLanguage\":\"pt-PT\",\"@id\":\"https:\\\/\\\/thisishello.com\\\/pt\\\/vagas\\\/vacancy\\\/#primaryimage\",\"url\":\"https:\\\/\\\/thisishello.com\\\/pt\\\/wp-content\\\/uploads\\\/sites\\\/6\\\/2022\\\/12\\\/header.jpg\",\"contentUrl\":\"https:\\\/\\\/thisishello.com\\\/pt\\\/wp-content\\\/uploads\\\/sites\\\/6\\\/2022\\\/12\\\/header.jpg\",\"width\":1920,\"height\":900},{\"@type\":\"BreadcrumbList\",\"@id\":\"https:\\\/\\\/thisishello.com\\\/pt\\\/vagas\\\/vacancy\\\/#breadcrumb\",\"itemListElement\":[{\"@type\":\"ListItem\",\"position\":1,\"name\":\"Home\",\"item\":\"https:\\\/\\\/thisishello.com\\\/pt\\\/\"},{\"@type\":\"ListItem\",\"position\":2,\"name\":\"Vagas\",\"item\":\"https:\\\/\\\/thisishello.com\\\/pt\\\/?page_id=6784\"},{\"@type\":\"ListItem\",\"position\":3,\"name\":\"Vacancy\"}]},{\"@type\":\"WebSite\",\"@id\":\"https:\\\/\\\/thisishello.com\\\/pt\\\/#website\",\"url\":\"https:\\\/\\\/thisishello.com\\\/pt\\\/\",\"name\":\"Hello PT\",\"description\":\"This Is Hello\",\"publisher\":{\"@id\":\"https:\\\/\\\/thisishello.com\\\/pt\\\/#organization\"},\"potentialAction\":[{\"@type\":\"SearchAction\",\"target\":{\"@type\":\"EntryPoint\",\"urlTemplate\":\"https:\\\/\\\/thisishello.com\\\/pt\\\/?s={search_term_string}\"},\"query-input\":{\"@type\":\"PropertyValueSpecification\",\"valueRequired\":true,\"valueName\":\"search_term_string\"}}],\"inLanguage\":\"pt-PT\"},{\"@type\":\"Organization\",\"@id\":\"https:\\\/\\\/thisishello.com\\\/pt\\\/#organization\",\"name\":\"This is Hello\",\"url\":\"https:\\\/\\\/thisishello.com\\\/pt\\\/\",\"logo\":{\"@type\":\"ImageObject\",\"inLanguage\":\"pt-PT\",\"@id\":\"https:\\\/\\\/thisishello.com\\\/pt\\\/#\\\/schema\\\/logo\\\/image\\\/\",\"url\":\"https:\\\/\\\/thisishello.it\\\/wp-content\\\/uploads\\\/2023\\\/01\\\/android-chrome-512x512-1.png\",\"contentUrl\":\"https:\\\/\\\/thisishello.it\\\/wp-content\\\/uploads\\\/2023\\\/01\\\/android-chrome-512x512-1.png\",\"width\":512,\"height\":512,\"caption\":\"This is Hello\"},\"image\":{\"@id\":\"https:\\\/\\\/thisishello.com\\\/pt\\\/#\\\/schema\\\/logo\\\/image\\\/\"},\"sameAs\":[\"https:\\\/\\\/www.facebook.com\\\/thisishelloit\",\"https:\\\/\\\/www.instagram.com\\\/thisishelloit\",\"https:\\\/\\\/it.linkedin.com\\\/company\\\/thisishello\"]}]}<\/script>\n<!-- \/ Yoast SEO plugin. -->","yoast_head_json":{"title":"Vacancy - Hello PT","description":"Se se identifica com quem somos e est\u00e1 \u00e0 procura de uma nova oportunidade, aqui encontrar\u00e1 todas as nossas vagas em aberto.","robots":{"index":"index","follow":"follow","max-snippet":"max-snippet:-1","max-image-preview":"max-image-preview:large","max-video-preview":"max-video-preview:-1"},"canonical":"https:\/\/thisishello.com\/pt\/vagas\/vacancy\/","og_locale":"pt_PT","og_type":"article","og_title":"Vacancy - Hello PT","og_description":"Se se identifica com quem somos e est\u00e1 \u00e0 procura de uma nova oportunidade, aqui encontrar\u00e1 todas as nossas vagas em aberto.","og_url":"https:\/\/thisishello.com\/pt\/vagas\/vacancy\/","og_site_name":"Hello PT","article_publisher":"https:\/\/www.facebook.com\/thisishelloit","article_modified_time":"2024-11-28T15:06:27+00:00","og_image":[{"width":1920,"height":900,"url":"https:\/\/thisishello.com\/pt\/wp-content\/uploads\/sites\/6\/2022\/12\/header.jpg","type":"image\/jpeg"}],"twitter_card":"summary_large_image","twitter_title":"Vacancy - Hello PT","schema":{"@context":"https:\/\/schema.org","@graph":[{"@type":"WebPage","@id":"https:\/\/thisishello.com\/pt\/vagas\/vacancy\/","url":"https:\/\/thisishello.com\/pt\/vagas\/vacancy\/","name":"Vacancy - Hello PT","isPartOf":{"@id":"https:\/\/thisishello.com\/pt\/#website"},"primaryImageOfPage":{"@id":"https:\/\/thisishello.com\/pt\/vagas\/vacancy\/#primaryimage"},"image":{"@id":"https:\/\/thisishello.com\/pt\/vagas\/vacancy\/#primaryimage"},"thumbnailUrl":"https:\/\/thisishello.com\/pt\/wp-content\/uploads\/sites\/6\/2022\/12\/header.jpg","datePublished":"2021-05-13T12:03:54+00:00","dateModified":"2024-11-28T15:06:27+00:00","description":"Se se identifica com quem somos e est\u00e1 \u00e0 procura de uma nova oportunidade, aqui encontrar\u00e1 todas as nossas vagas em aberto.","breadcrumb":{"@id":"https:\/\/thisishello.com\/pt\/vagas\/vacancy\/#breadcrumb"},"inLanguage":"pt-PT","potentialAction":[{"@type":"ReadAction","target":["https:\/\/thisishello.com\/pt\/vagas\/vacancy\/"]}]},{"@type":"ImageObject","inLanguage":"pt-PT","@id":"https:\/\/thisishello.com\/pt\/vagas\/vacancy\/#primaryimage","url":"https:\/\/thisishello.com\/pt\/wp-content\/uploads\/sites\/6\/2022\/12\/header.jpg","contentUrl":"https:\/\/thisishello.com\/pt\/wp-content\/uploads\/sites\/6\/2022\/12\/header.jpg","width":1920,"height":900},{"@type":"BreadcrumbList","@id":"https:\/\/thisishello.com\/pt\/vagas\/vacancy\/#breadcrumb","itemListElement":[{"@type":"ListItem","position":1,"name":"Home","item":"https:\/\/thisishello.com\/pt\/"},{"@type":"ListItem","position":2,"name":"Vagas","item":"https:\/\/thisishello.com\/pt\/?page_id=6784"},{"@type":"ListItem","position":3,"name":"Vacancy"}]},{"@type":"WebSite","@id":"https:\/\/thisishello.com\/pt\/#website","url":"https:\/\/thisishello.com\/pt\/","name":"Hello PT","description":"This Is Hello","publisher":{"@id":"https:\/\/thisishello.com\/pt\/#organization"},"potentialAction":[{"@type":"SearchAction","target":{"@type":"EntryPoint","urlTemplate":"https:\/\/thisishello.com\/pt\/?s={search_term_string}"},"query-input":{"@type":"PropertyValueSpecification","valueRequired":true,"valueName":"search_term_string"}}],"inLanguage":"pt-PT"},{"@type":"Organization","@id":"https:\/\/thisishello.com\/pt\/#organization","name":"This is Hello","url":"https:\/\/thisishello.com\/pt\/","logo":{"@type":"ImageObject","inLanguage":"pt-PT","@id":"https:\/\/thisishello.com\/pt\/#\/schema\/logo\/image\/","url":"https:\/\/thisishello.it\/wp-content\/uploads\/2023\/01\/android-chrome-512x512-1.png","contentUrl":"https:\/\/thisishello.it\/wp-content\/uploads\/2023\/01\/android-chrome-512x512-1.png","width":512,"height":512,"caption":"This is Hello"},"image":{"@id":"https:\/\/thisishello.com\/pt\/#\/schema\/logo\/image\/"},"sameAs":["https:\/\/www.facebook.com\/thisishelloit","https:\/\/www.instagram.com\/thisishelloit","https:\/\/it.linkedin.com\/company\/thisishello"]}]}},"_links":{"self":[{"href":"https:\/\/thisishello.com\/pt\/wp-json\/wp\/v2\/pages\/1251","targetHints":{"allow":["GET"]}}],"collection":[{"href":"https:\/\/thisishello.com\/pt\/wp-json\/wp\/v2\/pages"}],"about":[{"href":"https:\/\/thisishello.com\/pt\/wp-json\/wp\/v2\/types\/page"}],"author":[{"embeddable":true,"href":"https:\/\/thisishello.com\/pt\/wp-json\/wp\/v2\/users\/1007"}],"replies":[{"embeddable":true,"href":"https:\/\/thisishello.com\/pt\/wp-json\/wp\/v2\/comments?post=1251"}],"version-history":[{"count":0,"href":"https:\/\/thisishello.com\/pt\/wp-json\/wp\/v2\/pages\/1251\/revisions"}],"up":[{"embeddable":true,"href":"https:\/\/thisishello.com\/pt\/wp-json\/wp\/v2\/pages\/6784"}],"wp:featuredmedia":[{"embeddable":true,"href":"https:\/\/thisishello.com\/pt\/wp-json\/wp\/v2\/media\/8744"}],"wp:attachment":[{"href":"https:\/\/thisishello.com\/pt\/wp-json\/wp\/v2\/media?parent=1251"}],"curies":[{"name":"wp","href":"https:\/\/api.w.org\/{rel}","templated":true}]}}